{"id":73,"date":"2015-09-17T21:22:58","date_gmt":"2015-09-17T20:22:58","guid":{"rendered":"http:\/\/ergobulle.ch\/?page_id=73"},"modified":"2025-10-26T19:18:48","modified_gmt":"2025-10-26T18:18:48","slug":"contacts-et-acces","status":"publish","type":"page","link":"http:\/\/ergobulle.ch\/index.php\/contacts-et-acces\/","title":{"rendered":"Contacts"},"content":{"rendered":"<h2 class=\"wp-block-heading has-text-color has-link-color wp-elements-f97f825cadc438431e80222b31b6d0ec\" style=\"color:#615959\"><\/h2>\n\n\n\n<p class=\"has-text-color has-link-color wp-elements-41b60488f216d74c6fa8b9c27b497eee\" style=\"color:#615555\"><\/p>\n\n\n\n<p><\/p>\n\n<!--themify_builder_content-->\n<div id=\"themify_builder_content-73\" data-postid=\"73\" class=\"themify_builder_content themify_builder_content-73 themify_builder tf_clear\">\n                    <div  data-lazy=\"1\" class=\"module_row themify_builder_row tb_y0jh133 tb_first tf_w\">\n                        <div class=\"row_inner col_align_top tb_col_count_1 tf_box tf_rel\">\n                        <div  data-lazy=\"1\" class=\"module_column tb-column col-full tb_8sy8133 first\">\n                    <!-- module text -->\n<div  class=\"module module-text tb_14cl609   \" data-lazy=\"1\">\n        <div  class=\"tb_text_wrap\">\n        <h1 style=\"text-align: center;\">Contacts<\/h1>    <\/div>\n<\/div>\n<!-- \/module text -->        <\/div>\n                        <\/div>\n        <\/div>\n                        <div  data-lazy=\"1\" class=\"module_row themify_builder_row tb_1mrc612 tf_w\">\n                        <div class=\"row_inner col_align_top tb_col_count_1 tf_box tf_rel\">\n                        <div  data-lazy=\"1\" class=\"module_column tb-column col-full tb_4pbz612 first\">\n                    <!-- module text -->\n<div  class=\"module module-text tb_i83n754   \" data-lazy=\"1\">\n        <div  class=\"tb_text_wrap\">\n        <p style=\"text-align: center;\"><strong>Ergoth\u00e9rapie en p\u00e9diatrie<\/strong><br \/>Rue de Gruy\u00e8res 52<br \/>CH-1630 Bulle<br \/><a href=\"mailto:info@ergobulle.ch\" target=\"_blank\" rel=\"noreferrer noopener\">info@ergobulle.ch<\/a><\/p>    <\/div>\n<\/div>\n<!-- \/module text -->        <\/div>\n                        <\/div>\n        <\/div>\n                        <div  data-lazy=\"1\" class=\"module_row themify_builder_row tb_xy84694 tf_w\">\n                        <div class=\"row_inner col_align_top tb_col_count_4 tf_box tf_rel\">\n                        <div  data-lazy=\"1\" class=\"module_column tb-column col4-1 tb_jlxe694 first\">\n                    <!-- module text -->\n<div  class=\"module module-text tb_dq17215   \" data-lazy=\"1\">\n        <div  class=\"tb_text_wrap\">\n        <p><strong>M\u00e9lanie Richoz\u00a0<\/strong><br>Ergoth\u00e9rapeute HES<br>078 755 07 57<br><a href=\"mailto:melanie.richoz@ergobulle.ch\" target=\"_blank\" rel=\"noreferrer noopener\">melanie.richoz@ergobulle.ch<\/a><\/p>    <\/div>\n<\/div>\n<!-- \/module text -->        <\/div>\n                    <div  data-lazy=\"1\" class=\"module_column tb-column col4-1 tb_eomn694\">\n                    <!-- module text -->\n<div  class=\"module module-text tb_wsuf26   \" data-lazy=\"1\">\n        <div  class=\"tb_text_wrap\">\n        <p><strong>Louise Debruyne<\/strong><br>Ergoth\u00e9rapeute HES<br>078 301 45 53\u00a0<br><a href=\"mailto:louise.debruyne@ergobulle.ch\" target=\"_blank\" rel=\"noreferrer noopener\">louise.debruyne@ergobulle.ch<\/a><\/p>    <\/div>\n<\/div>\n<!-- \/module text -->        <\/div>\n                    <div  data-lazy=\"1\" class=\"module_column tb-column col4-1 tb_x0eu694\">\n                    <!-- module text -->\n<div  class=\"module module-text tb_qo05278   \" data-lazy=\"1\">\n        <div  class=\"tb_text_wrap\">\n        <p><strong>Margaux Jungo<\/strong><br>Ergoth\u00e9rapeute HES<br>077 430 31 49<br><a href=\"mailto:margaux.jungo@ergobulle.ch\" target=\"_blank\" rel=\"noreferrer noopener\">margaux.jungo@ergobulle.ch<\/a><\/p>    <\/div>\n<\/div>\n<!-- \/module text -->        <\/div>\n                    <div  data-lazy=\"1\" class=\"module_column tb-column col4-1 tb_tq5g694 last\">\n                    <!-- module text -->\n<div  class=\"module module-text tb_alc15   \" data-lazy=\"1\">\n        <div  class=\"tb_text_wrap\">\n        <p class=\"has-text-color has-link-color wp-elements-12fb6135eed40b5635d8a5a0c63385c6\"><strong>Lucile Freymond<\/strong><br>Ergoth\u00e9rapeute HES<br>077 269 34 36<br><a href=\"mailto:lucile.freymond@ergobulle.ch\" target=\"_blank\" rel=\"noreferrer noopener\">lucile.freymond@ergobulle.ch<\/a><\/p>    <\/div>\n<\/div>\n<!-- \/module text -->        <\/div>\n                        <\/div>\n        <\/div>\n                        <div  data-lazy=\"1\" class=\"module_row themify_builder_row tb_fv2r332 tf_w\">\n                        <div class=\"row_inner col_align_top tb_col_count_1 tf_box tf_rel\">\n                        <div  data-lazy=\"1\" class=\"module_column tb-column col-full tb_1aah332 first\">\n                    <!-- module text -->\n<div  class=\"module module-text tb_rflj519   \" data-lazy=\"1\">\n        <div  class=\"tb_text_wrap\">\n        <h3><span style=\"color: #ffffff;\"><strong>Vous souhaitez\u00a0un bilan en ergoth\u00e9rapie ?<\/strong><\/span><\/h3>\n<p><span style=\"color: #ffffff;\">Discutez-en avec le\/la m\u00e9decin ; si la d\u00e9marche lui para\u00eet indiqu\u00e9e, il\/elle vous d\u00e9livrera une ordonnance de bilan (2 s\u00e9ances) puis\u00a0<strong>\u00e9crivez-nous un mail\u00a0\u00e0\u00a0<a href=\"mailto:info@ergobulle.ch\" target=\"_blank\" rel=\"noreferrer noopener\">info@ergobulle.ch<\/a><\/strong>\u00a0en mentionnant : le nom &amp; pr\u00e9nom de votre enfant,\u00a0sa date de naissance,\u00a0son p\u00e9diatre\/p\u00e9dopsychiatre,\u00a0votre motivation \u00e0 consulter (diagnostic, difficult\u00e9s),\u00a0vos disponibilit\u00e9s,\u00a0vos coordonn\u00e9es (num\u00e9ro de t\u00e9l\u00e9phone) et\u00a0vos \u00e9ventuelles questions.<br>Nous accuserons r\u00e9ception de votre demande (message automatique) et votre enfant sera inscrit en liste d\u2019attente ; lorsque l\u2019une de nous aura une place pour un bilan, elle vous contactera.<\/span><\/p>    <\/div>\n<\/div>\n<!-- \/module text --><!-- module text -->\n<div  class=\"module module-text tb_lrl3780   \" data-lazy=\"1\">\n        <div  class=\"tb_text_wrap\">\n        <h3><span style=\"color: #ffffff;\"><strong>Nos services s\u2019adressent en priorit\u00e9 aux :<\/strong><\/span><\/h3>\n<p><span style=\"color: #ffffff;\">\u2013\u00a0<strong>enfants \/ adolescents\u00a0TSA<\/strong>\u00a0(trouble du spectre autistique) pour des th\u00e9rapies en groupe et en individuel cibl\u00e9es sur les\u00a0<a href=\"https:\/\/ergobulle.ch\/index.php\/2015\/09\/16\/travail-sur-les-habiletes-sociales\/\">habilet\u00e9s sociales\/relationnelles.<\/a><br \/>\u2013\u00a0<strong>enfants d\u2019\u00e2ge pr\u00e9-scolaire avec un<\/strong>\u00a0<strong>retard\u00a0neuromoteur<\/strong>\u00a0(maladresse, dyspraxie, dysgraphie, etc.) pour une th\u00e9rapie en\u00a0int\u00e9gration neuro-sensorielle (INS) afin de les pr\u00e9parer au mieux \u00e0 l\u2019entr\u00e9e en circuit primaire et de les aider \u00e0 s\u2019\u00e9panouir dans leur quotidien.<br \/><br \/>Si les besoins de votre enfant ne correspondent pas aux services que nous offrons dans notre \u00e9tablissement, nous vous invitons \u00e0 contacter d\u2019autres cabinets d\u2019ergoth\u00e9rapie.\u00a0<\/span><\/p>    <\/div>\n<\/div>\n<!-- \/module text -->        <\/div>\n                        <\/div>\n        <\/div>\n                        <div  data-parallax-bg=\"desktop\" data-css_id=\"f9de342\" data-lazy=\"1\" class=\"module_row themify_builder_row fullwidth tb_f9de342 tf_w\">\n                        <div class=\"row_inner col_align_top tb_col_count_1 tf_box tf_rel\">\n                        <div  data-lazy=\"1\" class=\"module_column tb-column col-full tb_f81b317 first\">\n                            <\/div>\n                        <\/div>\n        <\/div>\n        <\/div>\n<!--\/themify_builder_content-->\n\n\n<p><\/p>\n\n\n\n<h3 class=\"wp-block-heading\"><\/h3>","protected":false},"excerpt":{"rendered":"","protected":false},"author":1,"featured_media":0,"parent":0,"menu_order":0,"comment_status":"closed","ping_status":"closed","template":"","meta":{"footnotes":""},"class_list":["post-73","page","type-page","status-publish","hentry","has-post-title","has-post-date","has-post-category","has-post-tag","has-post-comment","has-post-author",""],"builder_content":"<h1 style=\"text-align: center;\">Contacts<\/h1>\n<p style=\"text-align: center;\"><strong>Ergoth\u00e9rapie en p\u00e9diatrie<\/strong><br \/>Rue de Gruy\u00e8res 52<br \/>CH-1630 Bulle<br \/><a href=\"mailto:info@ergobulle.ch\" target=\"_blank\" rel=\"noreferrer noopener\">info@ergobulle.ch<\/a><\/p>\n<p><strong>M\u00e9lanie Richoz\u00a0<\/strong><br>Ergoth\u00e9rapeute HES<br>078 755 07 57<br><a href=\"mailto:melanie.richoz@ergobulle.ch\" target=\"_blank\" rel=\"noreferrer noopener\">melanie.richoz@ergobulle.ch<\/a><\/p>\n<p><strong>Louise Debruyne<\/strong><br>Ergoth\u00e9rapeute HES<br>078 301 45 53\u00a0<br><a href=\"mailto:louise.debruyne@ergobulle.ch\" target=\"_blank\" rel=\"noreferrer noopener\">louise.debruyne@ergobulle.ch<\/a><\/p>\n<p><strong>Margaux Jungo<\/strong><br>Ergoth\u00e9rapeute HES<br>077 430 31 49<br><a href=\"mailto:margaux.jungo@ergobulle.ch\" target=\"_blank\" rel=\"noreferrer noopener\">margaux.jungo@ergobulle.ch<\/a><\/p>\n<p><strong>Lucile Freymond<\/strong><br>Ergoth\u00e9rapeute HES<br>077 269 34 36<br><a href=\"mailto:lucile.freymond@ergobulle.ch\" target=\"_blank\" rel=\"noreferrer noopener\">lucile.freymond@ergobulle.ch<\/a><\/p>\n<h3><strong>Vous souhaitez\u00a0un bilan en ergoth\u00e9rapie ?<\/strong><\/h3> <p>Discutez-en avec le\/la m\u00e9decin ; si la d\u00e9marche lui para\u00eet indiqu\u00e9e, il\/elle vous d\u00e9livrera une ordonnance de bilan (2 s\u00e9ances) puis\u00a0<strong>\u00e9crivez-nous un mail\u00a0\u00e0\u00a0<a href=\"mailto:info@ergobulle.ch\" target=\"_blank\" rel=\"noreferrer noopener\">info@ergobulle.ch<\/a><\/strong>\u00a0en mentionnant : le nom &amp; pr\u00e9nom de votre enfant,\u00a0sa date de naissance,\u00a0son p\u00e9diatre\/p\u00e9dopsychiatre,\u00a0votre motivation \u00e0 consulter (diagnostic, difficult\u00e9s),\u00a0vos disponibilit\u00e9s,\u00a0vos coordonn\u00e9es (num\u00e9ro de t\u00e9l\u00e9phone) et\u00a0vos \u00e9ventuelles questions.<br>Nous accuserons r\u00e9ception de votre demande (message automatique) et votre enfant sera inscrit en liste d\u2019attente ; lorsque l\u2019une de nous aura une place pour un bilan, elle vous contactera.<\/p>\n<h3><strong>Nos services s\u2019adressent en priorit\u00e9 aux :<\/strong><\/h3> <p>\u2013\u00a0<strong>enfants \/ adolescents\u00a0TSA<\/strong>\u00a0(trouble du spectre autistique) pour des th\u00e9rapies en groupe et en individuel cibl\u00e9es sur les\u00a0<a href=\"https:\/\/ergobulle.ch\/index.php\/2015\/09\/16\/travail-sur-les-habiletes-sociales\/\">habilet\u00e9s sociales\/relationnelles.<\/a><br \/>\u2013\u00a0<strong>enfants d\u2019\u00e2ge pr\u00e9-scolaire avec un<\/strong>\u00a0<strong>retard\u00a0neuromoteur<\/strong>\u00a0(maladresse, dyspraxie, dysgraphie, etc.) pour une th\u00e9rapie en\u00a0int\u00e9gration neuro-sensorielle (INS) afin de les pr\u00e9parer au mieux \u00e0 l\u2019entr\u00e9e en circuit primaire et de les aider \u00e0 s\u2019\u00e9panouir dans leur quotidien.<br \/><br \/>Si les besoins de votre enfant ne correspondent pas aux services que nous offrons dans notre \u00e9tablissement, nous vous invitons \u00e0 contacter d\u2019autres cabinets d\u2019ergoth\u00e9rapie.\u00a0<\/p>","_links":{"self":[{"href":"http:\/\/ergobulle.ch\/index.php\/wp-json\/wp\/v2\/pages\/73","targetHints":{"allow":["GET"]}}],"collection":[{"href":"http:\/\/ergobulle.ch\/index.php\/wp-json\/wp\/v2\/pages"}],"about":[{"href":"http:\/\/ergobulle.ch\/index.php\/wp-json\/wp\/v2\/types\/page"}],"author":[{"embeddable":true,"href":"http:\/\/ergobulle.ch\/index.php\/wp-json\/wp\/v2\/users\/1"}],"replies":[{"embeddable":true,"href":"http:\/\/ergobulle.ch\/index.php\/wp-json\/wp\/v2\/comments?post=73"}],"version-history":[{"count":204,"href":"http:\/\/ergobulle.ch\/index.php\/wp-json\/wp\/v2\/pages\/73\/revisions"}],"predecessor-version":[{"id":1520,"href":"http:\/\/ergobulle.ch\/index.php\/wp-json\/wp\/v2\/pages\/73\/revisions\/1520"}],"wp:attachment":[{"href":"http:\/\/ergobulle.ch\/index.php\/wp-json\/wp\/v2\/media?parent=73"}],"curies":[{"name":"wp","href":"https:\/\/api.w.org\/{rel}","templated":true}]}}