{"id":15,"date":"2015-09-15T22:28:38","date_gmt":"2015-09-15T21:28:38","guid":{"rendered":"http:\/\/ergobulle.ch\/index.php\/accueil-copy\/"},"modified":"2025-10-24T16:09:21","modified_gmt":"2025-10-24T15:09:21","slug":"ergotherapie","status":"publish","type":"page","link":"http:\/\/ergobulle.ch\/index.php\/ergotherapie\/","title":{"rendered":"L&rsquo;ergoth\u00e9rapie"},"content":{"rendered":"<!--themify_builder_content-->\n<div id=\"themify_builder_content-15\" data-postid=\"15\" class=\"themify_builder_content themify_builder_content-15 themify_builder tf_clear\">\n                    <div  data-lazy=\"1\" class=\"module_row themify_builder_row tb_3f8c86f tb_first tf_w\">\n                        <div class=\"row_inner col_align_top tb_col_count_1 tf_box tf_rel\">\n                        <div  data-lazy=\"1\" class=\"module_column tb-column col-full tb_948d68d first\">\n                    <!-- module text -->\n<div  class=\"module module-text tb_7d54e0f   \" data-lazy=\"1\">\n        <div  class=\"tb_text_wrap\">\n        <h2 class=\"\\&quot;post-title\">L&rsquo;ergoth\u00e9rapie<\/h2>\n<p class=\"p1\"><span class=\"s1\">L&rsquo;ergoth\u00e9rapie est une profession de la sant\u00e9 qui vise \u00e0 promouvoir l&rsquo;autonomie et le bien-\u00eatre du patient, malgr\u00e9 un retard, une maladie, un handicap ou suite \u00e0 un accident. Elle se r\u00e9f\u00e8re aux sciences humaines, m\u00e9dicales, psychologiques, sociales et techniques.\u00a0<\/span><\/p>\n<p class=\"p1\"><span class=\"s1\">Le moyen sp\u00e9cifique de l&rsquo;ergoth\u00e9rapie est l&rsquo;activit\u00e9, adapt\u00e9e par la th\u00e9rapeute en fonction de la probl\u00e9matique et des ressources du patient. L&rsquo;activit\u00e9 sert de support concret aux observations du fonctionnement du patient et de son \u00e9volution. En p\u00e9diatrie, l&rsquo;activit\u00e9 significative est le jeu puisque l&rsquo;enfant apprend en jouant.<\/span><\/p>\n<p class=\"p1\"><span class=\"s1\">L&rsquo;ergoth\u00e9rapeute collabore avec le patient, sa famille et les diff\u00e9rents intervenants qui l&rsquo;entourent (m\u00e9decins, psychomotriciens, services \u00e9ducatifs itin\u00e9rants, enseignants, psychologues, logop\u00e9distes, etc.).\u00a0<\/span><\/p>\n<p class=\"p1\"><span class=\"s1\">L&rsquo;ergoth\u00e9rapie est prescrite par le\/la m\u00e9decin et fait partie de l&rsquo;assurance obligatoire de base. Dans la r\u00e8gle, sur ordonnance m\u00e9dicale, le traitement d&rsquo;ergoth\u00e9rapie est financ\u00e9 par l&rsquo;assurance maladie, accident ou invalidit\u00e9. \u00a0<\/span><\/p>    <\/div>\n<\/div>\n<!-- \/module text -->        <\/div>\n                        <\/div>\n        <\/div>\n                        <div  data-parallax-bg=\"desktop\" data-css_id=\"ffcb805\" data-lazy=\"1\" class=\"module_row themify_builder_row fullwidth tb_ffcb805 tf_w\">\n                        <div class=\"row_inner col_align_top tb_col_count_1 tf_box tf_rel\">\n                        <div  data-lazy=\"1\" class=\"module_column tb-column col-full tb_9b51da9 first\">\n                            <\/div>\n                        <\/div>\n        <\/div>\n        <\/div>\n<!--\/themify_builder_content-->\n\n<p><\/p>","protected":false},"excerpt":{"rendered":"","protected":false},"author":1,"featured_media":0,"parent":0,"menu_order":0,"comment_status":"closed","ping_status":"closed","template":"","meta":{"footnotes":""},"class_list":["post-15","page","type-page","status-publish","hentry","has-post-title","has-post-date","has-post-category","has-post-tag","has-post-comment","has-post-author",""],"builder_content":"<h2>L'ergoth\u00e9rapie<\/h2> <p>L'ergoth\u00e9rapie est une profession de la sant\u00e9 qui vise \u00e0 promouvoir l'autonomie et le bien-\u00eatre du patient, malgr\u00e9 un retard, une maladie, un handicap ou suite \u00e0 un accident. Elle se r\u00e9f\u00e8re aux sciences humaines, m\u00e9dicales, psychologiques, sociales et techniques.\u00a0<\/p> <p>Le moyen sp\u00e9cifique de l'ergoth\u00e9rapie est l'activit\u00e9, adapt\u00e9e par la th\u00e9rapeute en fonction de la probl\u00e9matique et des ressources du patient. L'activit\u00e9 sert de support concret aux observations du fonctionnement du patient et de son \u00e9volution. En p\u00e9diatrie, l'activit\u00e9 significative est le jeu puisque l'enfant apprend en jouant.<\/p> <p>L'ergoth\u00e9rapeute collabore avec le patient, sa famille et les diff\u00e9rents intervenants qui l'entourent (m\u00e9decins, psychomotriciens, services \u00e9ducatifs itin\u00e9rants, enseignants, psychologues, logop\u00e9distes, etc.).\u00a0<\/p> <p>L'ergoth\u00e9rapie est prescrite par le\/la m\u00e9decin et fait partie de l'assurance obligatoire de base. Dans la r\u00e8gle, sur ordonnance m\u00e9dicale, le traitement d'ergoth\u00e9rapie est financ\u00e9 par l'assurance maladie, accident ou invalidit\u00e9. \u00a0<\/p>","_links":{"self":[{"href":"http:\/\/ergobulle.ch\/index.php\/wp-json\/wp\/v2\/pages\/15","targetHints":{"allow":["GET"]}}],"collection":[{"href":"http:\/\/ergobulle.ch\/index.php\/wp-json\/wp\/v2\/pages"}],"about":[{"href":"http:\/\/ergobulle.ch\/index.php\/wp-json\/wp\/v2\/types\/page"}],"author":[{"embeddable":true,"href":"http:\/\/ergobulle.ch\/index.php\/wp-json\/wp\/v2\/users\/1"}],"replies":[{"embeddable":true,"href":"http:\/\/ergobulle.ch\/index.php\/wp-json\/wp\/v2\/comments?post=15"}],"version-history":[{"count":27,"href":"http:\/\/ergobulle.ch\/index.php\/wp-json\/wp\/v2\/pages\/15\/revisions"}],"predecessor-version":[{"id":1517,"href":"http:\/\/ergobulle.ch\/index.php\/wp-json\/wp\/v2\/pages\/15\/revisions\/1517"}],"wp:attachment":[{"href":"http:\/\/ergobulle.ch\/index.php\/wp-json\/wp\/v2\/media?parent=15"}],"curies":[{"name":"wp","href":"https:\/\/api.w.org\/{rel}","templated":true}]}}